



{"id":45,"date":"2016-05-04T11:45:04","date_gmt":"2016-05-04T11:45:04","guid":{"rendered":"http:\/\/asianitbd.com\/wp\/factorypress\/?page_id=45"},"modified":"2024-02-28T09:29:55","modified_gmt":"2024-02-28T08:29:55","slug":"centro-servizi-travi1","status":"publish","type":"page","link":"https:\/\/www.sideracciaisrl.com\/index.php\/centro-servizi-travi1\/","title":{"rendered":"Centro Servizi Travi"},"content":{"rendered":"<section class=\"wpb-content-wrapper\"><p>[vc_row][vc_column]  \r\n\r\n<section class=\"news-content section-padding single-service-page our-features in-wrapper no-container\">\r\n\t<div class=\"container\">\r\n\t\t<div class=\"row\">\t\t\t\r\n\t\t\t<div class=\"col-md-3\">\r\n\t\t\t\t\r\n\t\t\t\t<div class=\"single-sidebar-box service-link-widget\">\r\n\t\t\t\t\t<ul>\r\n\r\n                    \t\t\t\t\t\t\t\t<li data-tab-name=\"agriculture171\" class=\"active\"><a href=\"#agriculture171\" aria-controls=\"construction\" role=\"tab\" data-toggle=\"tab\">Centro Servizi Travi<\/a><\/li>\t\t\t\t\t\t\t\t\t\t\t\t\t<li data-tab-name=\"agriculture173\"><a href=\"#agriculture173\" aria-controls=\"construction\" role=\"tab\" data-toggle=\"tab\">Centro Servizi Tubolari<\/a><\/li>\t\t\t\t\t\t\t\t\t\t\t\t\t<li data-tab-name=\"agriculture174\"><a href=\"#agriculture174\" aria-controls=\"construction\" role=\"tab\" data-toggle=\"tab\">Centro Servizi Laminati<\/a><\/li>\t\t\t\t\t\t                    \r\n                    <\/ul>\r\n\t\t\t\t<\/div>\r\n\t\t\t\t<div class=\"single-sidebar-box broucher-widgets\">\r\n\t\t\t\t\t<a href=\"https:\/\/www.sideracciaisrl.com\/wp-content\/uploads\/2024\/02\/FILE-PRESENTAZIONE-SIDER-ACCIAI-SRL-2.pdf\" download><div class=\"icon-box\">\r\n\t\t\t\t\t\t<img decoding=\"async\" src=\"https:\/\/www.sideracciaisrl.com\/wp-content\/uploads\/2024\/02\/brochure.png\" alt=\"Icon\">\r\n\t\t\t\t\t<\/div>\r\n\t\t\t\t\t<div class=\"text-box\">\r\n\t\t\t\t\t\t<h4>Download Brochures<\/h4>\r\n\t\t\t\t\t<\/div><\/a>\r\n\t\t\t\t<\/div>\r\n\t\t\t\t\r\n\t\t\t\t<div class=\"single-sidebar-box testimonials-widget\">\r\n\t\t\t\t\t<div class=\"title\">\r\n\t\t\t\t\t\t<h3>Centro Servizi Travi<\/h3>\r\n\t\t\t\t\t<\/div>\r\n\t\t\t\t\t                    <div class=\"testimonial-carousel owl-theme owl-carousel\">\r\n\t\t\t\t\t\t\r\n                                                                        <div class=\"item\">\r\n\t\t\t\t\t\t\t<div class=\"single-testi-carousel\">\r\n\t\t\t\t\t\t\t\t<div class=\"box\">\r\n\t\t\t\t\t\t\t\t\t<p>For any types of manufacturing task, Factory Press WordPress Theme is the best choice.<\/p>\r\n\t\t\t\t\t\t\t\t\t<span><b>Mark Vilton<\/b> -  - Villo Steels Ceo<\/span>\r\n\t\t\t\t\t\t\t\t<\/div>\r\n\t\t\t\t\t\t\t\t<img decoding=\"async\" src=\"http:\/\/www.sideracciaisrl.com\/wp-content\/uploads\/2016\/05\/testi-thum.png\" alt=\"Image\">\r\n\t\t\t\t\t\t\t<\/div>\r\n\t\t\t\t\t\t<\/div>\r\n\t\t\t\t\t\t                                                <div class=\"item\">\r\n\t\t\t\t\t\t\t<div class=\"single-testi-carousel\">\r\n\t\t\t\t\t\t\t\t<div class=\"box\">\r\n\t\t\t\t\t\t\t\t\t<p>For any types of manufacturing task, Factory Press WordPress Theme is the best choice.<\/p>\r\n\t\t\t\t\t\t\t\t\t<span><b>Mark Vilton<\/b> -  - Villo Steels Ceo<\/span>\r\n\t\t\t\t\t\t\t\t<\/div>\r\n\t\t\t\t\t\t\t\t<img decoding=\"async\" src=\"http:\/\/www.sideracciaisrl.com\/wp-content\/uploads\/2016\/05\/testi-thum.png\" alt=\"Image\">\r\n\t\t\t\t\t\t\t<\/div>\r\n\t\t\t\t\t\t<\/div>\r\n\t\t\t\t\t\t                                                <div class=\"item\">\r\n\t\t\t\t\t\t\t<div class=\"single-testi-carousel\">\r\n\t\t\t\t\t\t\t\t<div class=\"box\">\r\n\t\t\t\t\t\t\t\t\t<p>For any types of manufacturing task, Factory Press WordPress Theme is the best choice.<\/p>\r\n\t\t\t\t\t\t\t\t\t<span><b>Mark Vilton<\/b> -  - Villo Steels Ceo<\/span>\r\n\t\t\t\t\t\t\t\t<\/div>\r\n\t\t\t\t\t\t\t\t<img decoding=\"async\" src=\"http:\/\/www.sideracciaisrl.com\/wp-content\/uploads\/2016\/05\/testi-thum.png\" alt=\"Image\">\r\n\t\t\t\t\t\t\t<\/div>\r\n\t\t\t\t\t\t<\/div>\r\n\t\t\t\t\t\t                          \r\n\t\t\t\t\t<\/div>\r\n                    \t\t\t\t<\/div>\r\n\r\n\t\t\t<\/div>\r\n\t\t\t<div class=\"col-md-9 tab-content\">\r\n\t\t\t\r\n            \t\t\t\t\t\t\t<div class=\"tab-pane fade  in active  \" id=\"agriculture171\">\r\n                                    <div class=\"img-box\">\r\n\r\n<img loading=\"lazy\" decoding=\"async\" class=\"alignnone wp-image-601\" src=\"https:\/\/www.sideracciaisrl.com\/wp-content\/uploads\/2024\/02\/IMG_8878.jpg\" alt=\"Centro Servizi Travi\" width=\"431\" height=\"245\" srcset=\"https:\/\/www.sideracciaisrl.com\/wp-content\/uploads\/2024\/02\/IMG_8878.jpg 1170w, https:\/\/www.sideracciaisrl.com\/wp-content\/uploads\/2024\/02\/IMG_8878-300x171.jpg 300w, https:\/\/www.sideracciaisrl.com\/wp-content\/uploads\/2024\/02\/IMG_8878-1024x584.jpg 1024w, https:\/\/www.sideracciaisrl.com\/wp-content\/uploads\/2024\/02\/IMG_8878-768x438.jpg 768w, https:\/\/www.sideracciaisrl.com\/wp-content\/uploads\/2024\/02\/IMG_8878-600x342.jpg 600w\" sizes=\"auto, (max-width: 431px) 100vw, 431px\" \/>\r\n\r\n<img loading=\"lazy\" decoding=\"async\" class=\"alignnone wp-image-606\" src=\"https:\/\/www.sideracciaisrl.com\/wp-content\/uploads\/2016\/05\/IMG_8880.jpg\" alt=\"Centro Servizi Travi\" width=\"429\" height=\"332\" \/>\r\n\r\n<\/div>\r\n<div class=\"content-box\">\r\n\r\n<p>La Sider Acciai srl \u00e8 una delle pi\u00f9 innovative realt\u00e0 del meridione per la produzione di prelavorati su travi, laminati e tubolari con una esperienza da oltre 30 anni.\r\nIl nostro Centro Servizio Travi offre un'ampia gamma di lavorazioni su angolari, travi e profili come:<\/p>\r\n<ul>\r\n \t<li>Taglio, foratura e scantonatura grazie a dispositivi in CNC con lavorazioni a freddo mediante sega a nastro; o\/e a caldo con dispositivi ad ossitaglio e plasma<\/li>\r\n \t<li>Lavorazioni ad ossitaglio\/plasma con l'utilizzo di un dispositivo interamente robotizzato a controllo numerico<\/li>\r\n \t<li>Lavorazioni avanzate con ossitaglio e plasma su travi, angolari, profili e articoli lunghi.<\/li>\r\n<\/ul>\r\n<p>Le varie misure dei profili da noi lavorabili sono:<\/p>\r\n<ul>\r\n \t<li>Tubo quadro da una sezione minima di 80x80 ad un massimo di sezione di 600x600<\/li>\r\n \t<li>Tubo rettangolo da una sezione minima di 80x20 ad un massimo di sezione 1200x600<\/li>\r\n<\/ul>\r\n<p>Inoltre offriamo servizi di supporto al cliente come:<\/p>\r\n<ul>\r\n \t<li>Analisi di fattibilit\u00e0 tecnica dello sviluppo dei prodotti<\/li>\r\n \t<li>Valutazione economiche di produzione<\/li>\r\n \t<li>Proposte precise grazie alla vasta gamma di prodotti disponibili<\/li>\r\n \t<li>Certificazione per ogni materiale e certificazioni di produzione di fabbrica<\/li>\r\n \t<li>Gestione automatizzata della documentazione<\/li>\r\n<\/ul>\r\n<\/div>\r\n<div class=\"our-features-wrap\">\r\n    <div class=\"row\">\r\n        <div class=\"col-md-4 col-sm-6\">\r\n            <div class=\"single-our-feature\">\t\t\t\t\t\t\t\r\n                <div class=\"icon-box\">\r\n                    <i class=\"flaticon-factory\"><\/i>\r\n                <\/div>\r\n                <h3>Credibilit\u00e0<\/h3>\r\n                <p>Valorizziamo qualit\u00e0, servizio e velocit\u00e0 nelle consegne<\/p>\r\n            <\/div>\r\n        <\/div>\r\n        <div class=\"col-md-4 col-sm-6\">\r\n            <div class=\"single-our-feature\">\r\n                <div class=\"icon-box\">\r\n                    <i class=\"flaticon-people\"><\/i>\r\n                <\/div>\r\n                <h3>Lavoro di squadra<\/h3>\r\n                <p>Perseguiamo la solidit\u00e0 organizzativa del lavoro di squadra<\/p>\r\n            <\/div>\r\n        <\/div>\r\n        <div class=\"col-md-4 col-sm-6 col-lg-offset-0 col-md-offset-0 col-sm-offset-3 col-xs-offset-0\">\r\n            <div class=\"single-our-feature\">\r\n                <div class=\"icon-box\">\r\n                    <i class=\"flaticon-medal\"><\/i>\r\n                <\/div>\r\n                <h3>Garanzia di Qualit\u00e0<\/h3>\r\n                <p>Garantiamo la conformit\u00e0 dei prodotti come da specifiche tecniche europee<\/p>\r\n            <\/div>\r\n        <\/div>\r\n    <\/div>\t\r\n<\/div>\r\n\r\n<div class=\"hidden\">\r\n<div class=\"section-title\">\r\n<h2>Secret beyond Our Sucess<\/h2>\r\n<\/div>\r\n<div class=\"accrodion-grp\" data-grp-name=\"faq-accrodion\">\r\n<div class=\"accrodion \">\r\n<div class=\"accrodion-title\">\r\n<h4>Next Generation Machinery<\/h4>\r\n<\/div>\r\n<div class=\"accrodion-content\">\r\n\r\nWhether you know exactly how you want your new home to be or just looking for new ideas to build your new house, offers priceless resources to help bring those ideas to life in a seamless manner. This is especially important if you are looking to move forward the norms and the traditional homes and looking to build a new. From conceptualization to blueprint and from preparation to the final installation, our team will ensure that eevery part of your house is perfect as you desired\r\n\r\n<\/div>\r\n<\/div>\r\n<div class=\"accrodion \">\r\n<div class=\"accrodion-title\">\r\n<h4>Company Regonization<\/h4>\r\n<\/div>\r\n<div class=\"accrodion-content\">\r\n\r\nWhether you know exactly how you want your new home to be or just looking for new ideas to build your new house, offers priceless resources to help bring those ideas to life in a seamless manner. This is especially important if you are looking to move forward the norms and the traditional homes and looking to build a new. From conceptualization to blueprint and from preparation to the final installation, our team will ensure that eevery part of your house is perfect as you desired\r\n\r\n<\/div>\r\n<\/div>\r\n<div class=\"accrodion active\">\r\n<div class=\"accrodion-title\">\r\n<h4>Safety Performance<\/h4>\r\n<\/div>\r\n<div class=\"accrodion-content\">\r\n\r\nWhether you know exactly how you want your new home to be or just looking for new ideas to build your new house, offers priceless resources to help bring those ideas to life in a seamless manner. This is especially important if you are looking to move forward the norms and the traditional homes and looking to build a new. From conceptualization to blueprint and from preparation to the final installation, our team will ensure that eevery part of your house is perfect as you desired\r\n\r\n<\/div>\r\n<\/div>\r\n<div class=\"accrodion\">\r\n<div class=\"accrodion-title\">\r\n<h4>Excellence in Agricultural Engineering<\/h4>\r\n<\/div>\r\n<div class=\"accrodion-content\">\r\n\r\nWhether you know exactly how you want your new home to be or just looking for new ideas to build your new house, offers priceless resources to help bring those ideas to life in a seamless manner. This is especially important if you are looking to move forward the norms and the traditional homes and looking to build a new. From conceptualization to blueprint and from preparation to the final installation, our team will ensure that eevery part of your house is perfect as you desired\r\n\r\n<\/div>\r\n<\/div>\r\n<\/div>\r\n<\/div>\r\n                                <\/div>                   \t\t\t\t\t\t<div class=\"tab-pane fade  \" id=\"agriculture173\">\r\n                                    <div class=\"row two-col-content\">\r\n<div class=\"col-md-6\">\r\n<div class=\"img-box\"><img loading=\"lazy\" decoding=\"async\" class=\"alignnone size-full wp-image-163\" src=\"http:\/\/www.sideracciaisrl.com\/wp-content\/uploads\/2016\/05\/placeholder-37.jpg\" alt=\"1\" width=\"432\" height=\"270\" \/>\r\n<img loading=\"lazy\" decoding=\"async\" class=\"alignnone size-full wp-image-178\" src=\"http:\/\/www.sideracciaisrl.com\/wp-content\/uploads\/2016\/05\/placeholder-40.jpg\" alt=\"2\" width=\"432\" height=\"270\" \/><\/div>\r\n<\/div>\r\n<div class=\"col-md-6\">\r\n<div class=\"content-box\">\r\n\r\nThe range of research projects and initiatives at ChemE is remarkable for its sheer breadth and depth. Though there are hundreds of individual research projects going on at any one time, they all fall into at least one of nine research areas.\r\n\r\nThese areas represent key domains in which chemical engineers can apply their skills and knowledge, with the goal of achieving and advancing innovative breakthroughs that have the potential to make a significant impact on our world.\r\n\r\nAdvancements in computer science found applications designing. Essentially, chemical engineers design large-scale processes that convert chemicals, raw materials, living cells, microorganisms and energy into useful forms and products.\r\n\r\n<\/div>\r\n<\/div>\r\n<\/div>\r\n<div class=\"our-features-wrap\">\r\n<div class=\"row\">\r\n<div class=\"col-md-4 col-sm-6\">\r\n<div class=\"single-our-feature\">\r\n<div class=\"icon-box\"><\/div>\r\n<h3>Creditable Integrity<\/h3>\r\nValue talent cultivation and encourage creative innovation\r\n\r\n<\/div>\r\n<\/div>\r\n<div class=\"col-md-4 col-sm-6\">\r\n<div class=\"single-our-feature\">\r\n<div class=\"icon-box\"><\/div>\r\n<h3>Effective Team Work<\/h3>\r\nPursue organizational solidity and press on effective team-work\r\n\r\n<\/div>\r\n<\/div>\r\n<div class=\"col-md-4 col-sm-6 col-lg-offset-0 col-md-offset-0 col-sm-offset-3 col-xs-offset-0\">\r\n<div class=\"single-our-feature\">\r\n<div class=\"icon-box\"><\/div>\r\n<h3>Quality Assurance<\/h3>\r\nEnsure first and best of product quality and service\r\n\r\n<\/div>\r\n<\/div>\r\n<\/div>\r\n<\/div>\r\n<div class=\"section-title\">\r\n<h2>Secret beyond Our Sucess<\/h2>\r\n<\/div>\r\n<div class=\"accrodion-grp\" data-grp-name=\"faq-accrodion\">\r\n<div class=\"accrodion \">\r\n<div class=\"accrodion-title\">\r\n<h4>Next Generation Machinery<\/h4>\r\n<\/div>\r\n<div class=\"accrodion-content\">\r\n\r\nWhether you know exactly how you want your new home to be or just looking for new ideas to build your new house, offers priceless resources to help bring those ideas to life in a seamless manner. This is especially important if you are looking to move forward the norms and the traditional homes and looking to build a new. From conceptualization to blueprint and from preparation to the final installation, our team will ensure that eevery part of your house is perfect as you desired\r\n\r\n<\/div>\r\n<\/div>\r\n<div class=\"accrodion \">\r\n<div class=\"accrodion-title\">\r\n<h4>Company Regonization<\/h4>\r\n<\/div>\r\n<div class=\"accrodion-content\">\r\n\r\nWhether you know exactly how you want your new home to be or just looking for new ideas to build your new house, offers priceless resources to help bring those ideas to life in a seamless manner. This is especially important if you are looking to move forward the norms and the traditional homes and looking to build a new. From conceptualization to blueprint and from preparation to the final installation, our team will ensure that eevery part of your house is perfect as you desired\r\n\r\n<\/div>\r\n<\/div>\r\n<div class=\"accrodion active\">\r\n<div class=\"accrodion-title\">\r\n<h4>Safety Performance<\/h4>\r\n<\/div>\r\n<div class=\"accrodion-content\">\r\n\r\nWhether you know exactly how you want your new home to be or just looking for new ideas to build your new house, offers priceless resources to help bring those ideas to life in a seamless manner. This is especially important if you are looking to move forward the norms and the traditional homes and looking to build a new. From conceptualization to blueprint and from preparation to the final installation, our team will ensure that eevery part of your house is perfect as you desired\r\n\r\n<\/div>\r\n<\/div>\r\n<div class=\"accrodion\">\r\n<div class=\"accrodion-title\">\r\n<h4>Excellence in Agricultural Engineering<\/h4>\r\n<\/div>\r\n<div class=\"accrodion-content\">\r\n\r\nWhether you know exactly how you want your new home to be or just looking for new ideas to build your new house, offers priceless resources to help bring those ideas to life in a seamless manner. This is especially important if you are looking to move forward the norms and the traditional homes and looking to build a new. From conceptualization to blueprint and from preparation to the final installation, our team will ensure that eevery part of your house is perfect as you desired\r\n\r\n<\/div>\r\n<\/div>\r\n<\/div>\r\n                                <\/div>                   \t\t\t\t\t\t<div class=\"tab-pane fade  \" id=\"agriculture174\">\r\n                                    <div class=\"img-box\"><img loading=\"lazy\" decoding=\"async\" class=\"alignnone size-full wp-image-179\" src=\"http:\/\/www.sideracciaisrl.com\/wp-content\/uploads\/2016\/05\/placeholder-41.jpg\" alt=\"1\" width=\"870\" height=\"435\" srcset=\"https:\/\/www.sideracciaisrl.com\/wp-content\/uploads\/2016\/05\/placeholder-41.jpg 1600w, https:\/\/www.sideracciaisrl.com\/wp-content\/uploads\/2016\/05\/placeholder-41-600x300.jpg 600w, https:\/\/www.sideracciaisrl.com\/wp-content\/uploads\/2016\/05\/placeholder-41-300x150.jpg 300w, https:\/\/www.sideracciaisrl.com\/wp-content\/uploads\/2016\/05\/placeholder-41-1024x512.jpg 1024w, https:\/\/www.sideracciaisrl.com\/wp-content\/uploads\/2016\/05\/placeholder-41-768x384.jpg 768w, https:\/\/www.sideracciaisrl.com\/wp-content\/uploads\/2016\/05\/placeholder-41-1536x768.jpg 1536w\" sizes=\"auto, (max-width: 870px) 100vw, 870px\" \/><\/div>\r\n<div class=\"content-box\">\r\n\r\nThe journal provides an international medium for the publication of theoretical and experimental studies and reviews related to the electronic, electrochemical, ionic, magnetic, optical, and biosensing properties of solid state materials in bulk, thin film and particulate forms.\r\n\r\nPapers dealing with synthesis, processing, characterization, structure, physical properties and computational aspects of nano-crystalline, crystalline, amorphous and glassy forms of ceramics, semiconductors, layered insertion compounds, low-dimensional compounds and systems, fast-ion conductors, polymers and dielectrics are viewed as suitable for publication. Articles focused on nano-structured aspects of these advanced solid-state materials will also be considered suitable.\r\n\r\n<\/div>\r\n<div class=\"our-features-wrap\">\r\n<div class=\"row\">\r\n<div class=\"col-md-4 col-sm-6\">\r\n<div class=\"single-our-feature\">\r\n<div class=\"icon-box\"><\/div>\r\n<h3>Creditable Integrity<\/h3>\r\nValue talent cultivation and encourage creative innovation\r\n\r\n<\/div>\r\n<\/div>\r\n<div class=\"col-md-4 col-sm-6\">\r\n<div class=\"single-our-feature\">\r\n<div class=\"icon-box\"><\/div>\r\n<h3>Effective Team Work<\/h3>\r\nPursue organizational solidity and press on effective team-work\r\n\r\n<\/div>\r\n<\/div>\r\n<div class=\"col-md-4 col-sm-6 col-lg-offset-0 col-md-offset-0 col-sm-offset-3 col-xs-offset-0\">\r\n<div class=\"single-our-feature\">\r\n<div class=\"icon-box\"><\/div>\r\n<h3>Quality Assurance<\/h3>\r\nEnsure first and best of product quality and service\r\n\r\n<\/div>\r\n<\/div>\r\n<\/div>\r\n<\/div>\r\n<div class=\"section-title\">\r\n<h2>Secret beyond Our Sucess<\/h2>\r\n<\/div>\r\n<div class=\"accrodion-grp\" data-grp-name=\"faq-accrodion\">\r\n<div class=\"accrodion \">\r\n<div class=\"accrodion-title\">\r\n<h4>Next Generation Machinery<\/h4>\r\n<\/div>\r\n<div class=\"accrodion-content\">\r\n\r\nWhether you know exactly how you want your new home to be or just looking for new ideas to build your new house, offers priceless resources to help bring those ideas to life in a seamless manner. This is especially important if you are looking to move forward the norms and the traditional homes and looking to build a new. From conceptualization to blueprint and from preparation to the final installation, our team will ensure that eevery part of your house is perfect as you desired\r\n\r\n<\/div>\r\n<\/div>\r\n<div class=\"accrodion \">\r\n<div class=\"accrodion-title\">\r\n<h4>Company Regonization<\/h4>\r\n<\/div>\r\n<div class=\"accrodion-content\">\r\n\r\nWhether you know exactly how you want your new home to be or just looking for new ideas to build your new house, offers priceless resources to help bring those ideas to life in a seamless manner. This is especially important if you are looking to move forward the norms and the traditional homes and looking to build a new. From conceptualization to blueprint and from preparation to the final installation, our team will ensure that eevery part of your house is perfect as you desired\r\n\r\n<\/div>\r\n<\/div>\r\n<div class=\"accrodion active\">\r\n<div class=\"accrodion-title\">\r\n<h4>Safety Performance<\/h4>\r\n<\/div>\r\n<div class=\"accrodion-content\">\r\n\r\nWhether you know exactly how you want your new home to be or just looking for new ideas to build your new house, offers priceless resources to help bring those ideas to life in a seamless manner. This is especially important if you are looking to move forward the norms and the traditional homes and looking to build a new. From conceptualization to blueprint and from preparation to the final installation, our team will ensure that eevery part of your house is perfect as you desired\r\n\r\n<\/div>\r\n<\/div>\r\n<div class=\"accrodion\">\r\n<div class=\"accrodion-title\">\r\n<h4>Excellence in Agricultural Engineering<\/h4>\r\n<\/div>\r\n<div class=\"accrodion-content\">\r\n\r\nWhether you know exactly how you want your new home to be or just looking for new ideas to build your new house, offers priceless resources to help bring those ideas to life in a seamless manner. This is especially important if you are looking to move forward the norms and the traditional homes and looking to build a new. From conceptualization to blueprint and from preparation to the final installation, our team will ensure that eevery part of your house is perfect as you desired\r\n\r\n<\/div>\r\n<\/div>\r\n<\/div>\r\n                                <\/div>                               \r\n            <\/div>\r\n\t\t<\/div>\r\n\t<\/div>\r\n<\/section>\r\n\r\n[\/vc_column][\/vc_row]<\/p>\n<\/section>","protected":false},"excerpt":{"rendered":"<p>[vc_row][vc_column][\/vc_column][\/vc_row]<\/p>\n","protected":false},"author":1,"featured_media":0,"parent":0,"menu_order":0,"comment_status":"closed","ping_status":"closed","template":"tpl-visual_composer.php","meta":{"footnotes":""},"class_list":["post-45","page","type-page","status-publish","hentry"],"_links":{"self":[{"href":"https:\/\/www.sideracciaisrl.com\/index.php\/wp-json\/wp\/v2\/pages\/45","targetHints":{"allow":["GET"]}}],"collection":[{"href":"https:\/\/www.sideracciaisrl.com\/index.php\/wp-json\/wp\/v2\/pages"}],"about":[{"href":"https:\/\/www.sideracciaisrl.com\/index.php\/wp-json\/wp\/v2\/types\/page"}],"author":[{"embeddable":true,"href":"https:\/\/www.sideracciaisrl.com\/index.php\/wp-json\/wp\/v2\/users\/1"}],"replies":[{"embeddable":true,"href":"https:\/\/www.sideracciaisrl.com\/index.php\/wp-json\/wp\/v2\/comments?post=45"}],"version-history":[{"count":9,"href":"https:\/\/www.sideracciaisrl.com\/index.php\/wp-json\/wp\/v2\/pages\/45\/revisions"}],"predecessor-version":[{"id":620,"href":"https:\/\/www.sideracciaisrl.com\/index.php\/wp-json\/wp\/v2\/pages\/45\/revisions\/620"}],"wp:attachment":[{"href":"https:\/\/www.sideracciaisrl.com\/index.php\/wp-json\/wp\/v2\/media?parent=45"}],"curies":[{"name":"wp","href":"https:\/\/api.w.org\/{rel}","templated":true}]}}